{"id":43,"date":"2012-08-25T22:35:44","date_gmt":"2012-08-25T22:35:44","guid":{"rendered":"http:\/\/de.gandiacasarural.eu\/?page_id=43"},"modified":"2020-07-12T16:18:22","modified_gmt":"2020-07-12T14:18:22","slug":"wetter","status":"publish","type":"page","link":"https:\/\/www.gandiacasarural.com\/de\/wetter\/","title":{"rendered":"Wetter"},"content":{"rendered":"<div id=\"c_517891e462e191cd15929fb4b2202374\" class=\"completo\"><\/div>\n<p><script type=\"text\/javascript\" src=\"https:\/\/www.eltiempo.es\/widget\/widget_loader\/517891e462e191cd15929fb4b2202374\"><\/script><\/p>\n<div id=\"c_7dbac633a014f14b014687a8c842543b\" class=\"completo\"><\/div>\n<p><script type=\"text\/javascript\" src=\"https:\/\/www.eltiempo.es\/widget\/widget_loader\/7dbac633a014f14b014687a8c842543b\"><\/script><\/p>\n<div id=\"c_23f35c0e499fccaace4c25204728d190\" class=\"completo\"><\/div>\n<p><script type=\"text\/javascript\" src=\"https:\/\/www.eltiempo.es\/widget\/widget_loader\/23f35c0e499fccaace4c25204728d190\"><\/script><\/p>\n<div id=\"c_e7e1add1f09157d097385b6658e925dd\">\n<h2><a id=\"h_e7e1add1f09157d097385b6658e925dd\" href=\"https:\/\/www.eltiempo.es\/\">tiempo meteorologico<\/a><\/h2>\n<p><a id=\"l_e7e1add1f09157d097385b6658e925dd\" href=\"https:\/\/www.eltiempo.es\/xativa.html\">Tiempo en X\u00e0tiva<\/a><\/p>\n<\/div>\n<p><script src=\"https:\/\/www.eltiempo.es\/widget\/widget_loader\/e7e1add1f09157d097385b6658e925dd\" type=\"text\/javascript\"><\/script><\/p>\n<div id=\"c_edc86a0008b249c2c5c264606cb2006d\">\n<h2><a id=\"h_edc86a0008b249c2c5c264606cb2006d\" href=\"https:\/\/www.eltiempo.es\/\">previsi\u00f3n del Tiempo<\/a><\/h2>\n<p><a id=\"l_edc86a0008b249c2c5c264606cb2006d\" href=\"https:\/\/www.eltiempo.es\/benidorm.html\">El Tiempo en Benidorm<\/a><\/p>\n<\/div>\n<p><script src=\"https:\/\/www.eltiempo.es\/widget\/widget_loader\/edc86a0008b249c2c5c264606cb2006d\" type=\"text\/javascript\"><\/script><\/p>\n<div id=\"c_944611df3d490a209b48da6d5964590a\">\n<h2><a id=\"h_944611df3d490a209b48da6d5964590a\" href=\"https:\/\/www.eltiempo.es\/\">previsi\u00f3n del Tiempo<\/a><\/h2>\n<p><a id=\"l_944611df3d490a209b48da6d5964590a\" href=\"https:\/\/www.eltiempo.es\/denia.html\">Pron\u00f3stico El Tiempo en Denia<\/a><\/p>\n<\/div>\n<p><script src=\"https:\/\/www.eltiempo.es\/widget\/widget_loader\/944611df3d490a209b48da6d5964590a\" type=\"text\/javascript\"><\/script><\/p>\n","protected":false},"excerpt":{"rendered":"<p>tiempo meteorologico Tiempo en X\u00e0tiva previsi\u00f3n del Tiempo El Tiempo en Benidorm previsi\u00f3n del Tiempo Pron\u00f3stico El Tiempo en Denia<\/p>\n<p class=\"continue-reading-button\"> <a class=\"continue-reading-link\" href=\"https:\/\/www.gandiacasarural.com\/de\/wetter\/\">Continuar leyendo<i class=\"crycon-right-dir\"><\/i><\/a><\/p>\n","protected":false},"author":2,"featured_media":0,"parent":0,"menu_order":999,"comment_status":"closed","ping_status":"open","template":"","meta":{"footnotes":""},"class_list":["post-43","page","type-page","status-publish","hentry"],"jetpack_sharing_enabled":true,"_links":{"self":[{"href":"https:\/\/www.gandiacasarural.com\/de\/wp-json\/wp\/v2\/pages\/43","targetHints":{"allow":["GET"]}}],"collection":[{"href":"https:\/\/www.gandiacasarural.com\/de\/wp-json\/wp\/v2\/pages"}],"about":[{"href":"https:\/\/www.gandiacasarural.com\/de\/wp-json\/wp\/v2\/types\/page"}],"author":[{"embeddable":true,"href":"https:\/\/www.gandiacasarural.com\/de\/wp-json\/wp\/v2\/users\/2"}],"replies":[{"embeddable":true,"href":"https:\/\/www.gandiacasarural.com\/de\/wp-json\/wp\/v2\/comments?post=43"}],"version-history":[{"count":4,"href":"https:\/\/www.gandiacasarural.com\/de\/wp-json\/wp\/v2\/pages\/43\/revisions"}],"predecessor-version":[{"id":238,"href":"https:\/\/www.gandiacasarural.com\/de\/wp-json\/wp\/v2\/pages\/43\/revisions\/238"}],"wp:attachment":[{"href":"https:\/\/www.gandiacasarural.com\/de\/wp-json\/wp\/v2\/media?parent=43"}],"curies":[{"name":"wp","href":"https:\/\/api.w.org\/{rel}","templated":true}]}}