{"id":51,"date":"2012-08-25T23:05:53","date_gmt":"2012-08-25T23:05:53","guid":{"rendered":"http:\/\/de.gandiacasarural.eu\/?page_id=51"},"modified":"2025-09-16T09:43:58","modified_gmt":"2025-09-16T07:43:58","slug":"zimmer-2","status":"publish","type":"page","link":"https:\/\/www.gandiacasarural.com\/de\/haus\/zimmer-2\/","title":{"rendered":"Zimmer 2"},"content":{"rendered":"\n<div class=\"wp-block-jetpack-tiled-gallery aligncenter is-style-rectangular\"><div class=\"\"><div class=\"tiled-gallery__gallery\"><div class=\"tiled-gallery__row\"><div class=\"tiled-gallery__col\" style=\"flex-basis:100.00000%\"><figure class=\"tiled-gallery__item\"><img decoding=\"async\" data-attachment-id=\"461\" data-permalink=\"https:\/\/www.gandiacasarural.com\/de\/gandia-casa-rural\/villa-florencia-casa-rural-2024-42-2\/\" data-orig-file=\"https:\/\/i0.wp.com\/www.gandiacasarural.com\/de\/wp-content\/uploads\/2024\/08\/Villa-Florencia-Casa-Rural-2024-42-1.jpg?fit=1600%2C902&amp;ssl=1\" data-orig-size=\"1600,902\" data-comments-opened=\"1\" data-image-meta=\"{&quot;aperture&quot;:&quot;1.7&quot;,&quot;credit&quot;:&quot;&quot;,&quot;camera&quot;:&quot;23124RA7EO&quot;,&quot;caption&quot;:&quot;&quot;,&quot;created_timestamp&quot;:&quot;1721217954&quot;,&quot;copyright&quot;:&quot;&quot;,&quot;focal_length&quot;:&quot;5.31&quot;,&quot;iso&quot;:&quot;800&quot;,&quot;shutter_speed&quot;:&quot;0.04&quot;,&quot;title&quot;:&quot;&quot;,&quot;orientation&quot;:&quot;1&quot;}\" data-image-title=\"Villa-Florencia-Casa-Rural-2024-42\" data-image-description=\"\" data-image-caption=\"\" data-large-file=\"https:\/\/i0.wp.com\/www.gandiacasarural.com\/de\/wp-content\/uploads\/2024\/08\/Villa-Florencia-Casa-Rural-2024-42-1.jpg?fit=900%2C507&amp;ssl=1\" data-attachment-id=\"461\" data-permalink=\"https:\/\/www.gandiacasarural.com\/de\/gandia-casa-rural\/villa-florencia-casa-rural-2024-42-2\/\" data-orig-file=\"https:\/\/i0.wp.com\/www.gandiacasarural.com\/de\/wp-content\/uploads\/2024\/08\/Villa-Florencia-Casa-Rural-2024-42-1.jpg?fit=1600%2C902&amp;ssl=1\" data-orig-size=\"1600,902\" data-comments-opened=\"1\" data-image-meta=\"{&quot;aperture&quot;:&quot;1.7&quot;,&quot;credit&quot;:&quot;&quot;,&quot;camera&quot;:&quot;23124RA7EO&quot;,&quot;caption&quot;:&quot;&quot;,&quot;created_timestamp&quot;:&quot;1721217954&quot;,&quot;copyright&quot;:&quot;&quot;,&quot;focal_length&quot;:&quot;5.31&quot;,&quot;iso&quot;:&quot;800&quot;,&quot;shutter_speed&quot;:&quot;0.04&quot;,&quot;title&quot;:&quot;&quot;,&quot;orientation&quot;:&quot;1&quot;}\" data-image-title=\"Villa-Florencia-Casa-Rural-2024-42\" data-image-description=\"\" data-image-caption=\"\" data-large-file=\"https:\/\/i0.wp.com\/www.gandiacasarural.com\/de\/wp-content\/uploads\/2024\/08\/Villa-Florencia-Casa-Rural-2024-42-1.jpg?fit=900%2C507&amp;ssl=1\" role=\"button\" tabindex=\"0\" aria-label=\"Bild\u00a01 von 1 im Vollbildmodus \u00f6ffnen\"srcset=\"https:\/\/i0.wp.com\/www.gandiacasarural.com\/de\/wp-content\/uploads\/2024\/08\/Villa-Florencia-Casa-Rural-2024-42-1-1024x577.jpg?strip=info&#038;w=600&#038;ssl=1 600w,https:\/\/i0.wp.com\/www.gandiacasarural.com\/de\/wp-content\/uploads\/2024\/08\/Villa-Florencia-Casa-Rural-2024-42-1-1024x577.jpg?strip=info&#038;w=900&#038;ssl=1 900w,https:\/\/i0.wp.com\/www.gandiacasarural.com\/de\/wp-content\/uploads\/2024\/08\/Villa-Florencia-Casa-Rural-2024-42-1-1024x577.jpg?strip=info&#038;w=1200&#038;ssl=1 1200w,https:\/\/i0.wp.com\/www.gandiacasarural.com\/de\/wp-content\/uploads\/2024\/08\/Villa-Florencia-Casa-Rural-2024-42-1-1024x577.jpg?strip=info&#038;w=1500&#038;ssl=1 1500w,https:\/\/i0.wp.com\/www.gandiacasarural.com\/de\/wp-content\/uploads\/2024\/08\/Villa-Florencia-Casa-Rural-2024-42-1-1024x577.jpg?strip=info&#038;w=1600&#038;ssl=1 1600w\" alt=\"\" data-height=\"902\" data-id=\"461\" data-link=\"https:\/\/www.gandiacasarural.com\/de\/gandia-casa-rural\/villa-florencia-casa-rural-2024-42-2\/\" data-url=\"https:\/\/www.gandiacasarural.com\/de\/wp-content\/uploads\/2024\/08\/Villa-Florencia-Casa-Rural-2024-42-1-1024x577.jpg\" data-width=\"1600\" src=\"https:\/\/i0.wp.com\/www.gandiacasarural.com\/de\/wp-content\/uploads\/2024\/08\/Villa-Florencia-Casa-Rural-2024-42-1-1024x577.jpg?ssl=1\" data-amp-layout=\"responsive\"\/><\/figure><\/div><\/div><\/div><\/div><\/div>\n\n\n\n<p><strong>Casa Rural Gandia (Villa Florencia \u2013 Zimme<\/strong>r<strong> 2)<\/strong>.<br>Privatzimmer in G\u00e4stehaus.<br>2 G\u00e4ste \u00b7 1 Schlafzimmer \u00b7 1 Bett \/ 2 Bett \u00b7 1 privates Badezimmer<br><br><strong>Die Unterkunft<\/strong><br>Die Villa verf\u00fcgt auch \u00fcber ausreichend Parkm\u00f6glichkeiten &#8211; wir empfehlen den G\u00e4sten, ein Auto zu mieten, um den gr\u00f6\u00dften Nutzen aus den umliegenden St\u00e4dten und Landschaften zu ziehen.<br>Die \u00f6ffentlichen R\u00e4ume verf\u00fcgen \u00fcber eine Bar, eine Lounge und eine Terrasse, die allen unseren G\u00e4sten zur Verf\u00fcgung stehen.<br><br><strong>Zugang f\u00fcr G\u00e4ste<\/strong><br>Gemeinschaftsk\u00fcche, Wohnzimmer, Essterrasse, Garten und Pool.<br><br><strong>Weitere wichtige Hinweise<\/strong><br>Wir und unsere Haustiere (Hunde &amp; Katzen) wohnen unten auf dem Grundst\u00fcck<\/p>\n\n\n\n<div class=\"wp-block-jetpack-tiled-gallery aligncenter is-style-columns\"><div class=\"has-rounded-corners-19\"><div class=\"tiled-gallery__gallery\"><div class=\"tiled-gallery__row\"><div class=\"tiled-gallery__col\" style=\"flex-basis:66.74718%\"><figure class=\"tiled-gallery__item\"><img decoding=\"async\" data-attachment-id=\"312\" data-permalink=\"https:\/\/www.gandiacasarural.com\/de\/haus\/zimmer-2\/gandia_casa_rural_entero_z2a\/\" data-orig-file=\"https:\/\/i0.wp.com\/www.gandiacasarural.com\/de\/wp-content\/uploads\/2020\/07\/Gandia_Casa_Rural_Entero_z2a.jpg?fit=2560%2C1920&amp;ssl=1\" data-orig-size=\"2560,1920\" data-comments-opened=\"1\" data-image-meta=\"{&quot;aperture&quot;:&quot;0&quot;,&quot;credit&quot;:&quot;&quot;,&quot;camera&quot;:&quot;&quot;,&quot;caption&quot;:&quot;&quot;,&quot;created_timestamp&quot;:&quot;0&quot;,&quot;copyright&quot;:&quot;&quot;,&quot;focal_length&quot;:&quot;0&quot;,&quot;iso&quot;:&quot;0&quot;,&quot;shutter_speed&quot;:&quot;0&quot;,&quot;title&quot;:&quot;&quot;,&quot;orientation&quot;:&quot;0&quot;}\" data-image-title=\"Gandia_Casa_Rural_Entero_z2a\" data-image-description=\"\" data-image-caption=\"\" data-large-file=\"https:\/\/i0.wp.com\/www.gandiacasarural.com\/de\/wp-content\/uploads\/2020\/07\/Gandia_Casa_Rural_Entero_z2a.jpg?fit=900%2C675&amp;ssl=1\" data-attachment-id=\"312\" data-permalink=\"https:\/\/www.gandiacasarural.com\/de\/haus\/zimmer-2\/gandia_casa_rural_entero_z2a\/\" data-orig-file=\"https:\/\/i0.wp.com\/www.gandiacasarural.com\/de\/wp-content\/uploads\/2020\/07\/Gandia_Casa_Rural_Entero_z2a.jpg?fit=2560%2C1920&amp;ssl=1\" data-orig-size=\"2560,1920\" data-comments-opened=\"1\" data-image-meta=\"{&quot;aperture&quot;:&quot;0&quot;,&quot;credit&quot;:&quot;&quot;,&quot;camera&quot;:&quot;&quot;,&quot;caption&quot;:&quot;&quot;,&quot;created_timestamp&quot;:&quot;0&quot;,&quot;copyright&quot;:&quot;&quot;,&quot;focal_length&quot;:&quot;0&quot;,&quot;iso&quot;:&quot;0&quot;,&quot;shutter_speed&quot;:&quot;0&quot;,&quot;title&quot;:&quot;&quot;,&quot;orientation&quot;:&quot;0&quot;}\" data-image-title=\"Gandia_Casa_Rural_Entero_z2a\" data-image-description=\"\" data-image-caption=\"\" data-large-file=\"https:\/\/i0.wp.com\/www.gandiacasarural.com\/de\/wp-content\/uploads\/2020\/07\/Gandia_Casa_Rural_Entero_z2a.jpg?fit=900%2C675&amp;ssl=1\" role=\"button\" tabindex=\"0\" aria-label=\"Bild\u00a01 von 3 im Vollbildmodus \u00f6ffnen\"srcset=\"https:\/\/i0.wp.com\/www.gandiacasarural.com\/de\/wp-content\/uploads\/2020\/07\/Gandia_Casa_Rural_Entero_z2a-1024x768.jpg?strip=info&#038;w=600&#038;ssl=1 600w,https:\/\/i0.wp.com\/www.gandiacasarural.com\/de\/wp-content\/uploads\/2020\/07\/Gandia_Casa_Rural_Entero_z2a-1024x768.jpg?strip=info&#038;w=900&#038;ssl=1 900w,https:\/\/i0.wp.com\/www.gandiacasarural.com\/de\/wp-content\/uploads\/2020\/07\/Gandia_Casa_Rural_Entero_z2a-1024x768.jpg?strip=info&#038;w=1200&#038;ssl=1 1200w,https:\/\/i0.wp.com\/www.gandiacasarural.com\/de\/wp-content\/uploads\/2020\/07\/Gandia_Casa_Rural_Entero_z2a-1024x768.jpg?strip=info&#038;w=1500&#038;ssl=1 1500w,https:\/\/i0.wp.com\/www.gandiacasarural.com\/de\/wp-content\/uploads\/2020\/07\/Gandia_Casa_Rural_Entero_z2a-1024x768.jpg?strip=info&#038;w=1800&#038;ssl=1 1800w,https:\/\/i0.wp.com\/www.gandiacasarural.com\/de\/wp-content\/uploads\/2020\/07\/Gandia_Casa_Rural_Entero_z2a-1024x768.jpg?strip=info&#038;w=2000&#038;ssl=1 2000w\" alt=\"\" data-height=\"1920\" data-id=\"312\" data-link=\"https:\/\/www.gandiacasarural.com\/de\/haus\/zimmer-2\/gandia_casa_rural_entero_z2a\/\" data-url=\"https:\/\/www.gandiacasarural.com\/de\/wp-content\/uploads\/2020\/07\/Gandia_Casa_Rural_Entero_z2a-1024x768.jpg\" data-width=\"2560\" src=\"https:\/\/i0.wp.com\/www.gandiacasarural.com\/de\/wp-content\/uploads\/2020\/07\/Gandia_Casa_Rural_Entero_z2a-1024x768.jpg?ssl=1\" data-amp-layout=\"responsive\"\/><\/figure><\/div><div class=\"tiled-gallery__col\" style=\"flex-basis:33.25282%\"><figure class=\"tiled-gallery__item\"><img decoding=\"async\" data-attachment-id=\"310\" data-permalink=\"https:\/\/www.gandiacasarural.com\/de\/haus\/zimmer-2\/gandia_casa_rural_entero_z2bb\/\" data-orig-file=\"https:\/\/i0.wp.com\/www.gandiacasarural.com\/de\/wp-content\/uploads\/2020\/07\/Gandia_Casa_Rural_Entero_z2bb.jpg?fit=2560%2C1814&amp;ssl=1\" data-orig-size=\"2560,1814\" data-comments-opened=\"1\" data-image-meta=\"{&quot;aperture&quot;:&quot;0&quot;,&quot;credit&quot;:&quot;&quot;,&quot;camera&quot;:&quot;&quot;,&quot;caption&quot;:&quot;&quot;,&quot;created_timestamp&quot;:&quot;0&quot;,&quot;copyright&quot;:&quot;&quot;,&quot;focal_length&quot;:&quot;0&quot;,&quot;iso&quot;:&quot;0&quot;,&quot;shutter_speed&quot;:&quot;0&quot;,&quot;title&quot;:&quot;&quot;,&quot;orientation&quot;:&quot;0&quot;}\" data-image-title=\"Gandia_Casa_Rural_Entero_z2bb\" data-image-description=\"\" data-image-caption=\"\" data-large-file=\"https:\/\/i0.wp.com\/www.gandiacasarural.com\/de\/wp-content\/uploads\/2020\/07\/Gandia_Casa_Rural_Entero_z2bb.jpg?fit=900%2C638&amp;ssl=1\" data-attachment-id=\"310\" data-permalink=\"https:\/\/www.gandiacasarural.com\/de\/haus\/zimmer-2\/gandia_casa_rural_entero_z2bb\/\" data-orig-file=\"https:\/\/i0.wp.com\/www.gandiacasarural.com\/de\/wp-content\/uploads\/2020\/07\/Gandia_Casa_Rural_Entero_z2bb.jpg?fit=2560%2C1814&amp;ssl=1\" data-orig-size=\"2560,1814\" data-comments-opened=\"1\" data-image-meta=\"{&quot;aperture&quot;:&quot;0&quot;,&quot;credit&quot;:&quot;&quot;,&quot;camera&quot;:&quot;&quot;,&quot;caption&quot;:&quot;&quot;,&quot;created_timestamp&quot;:&quot;0&quot;,&quot;copyright&quot;:&quot;&quot;,&quot;focal_length&quot;:&quot;0&quot;,&quot;iso&quot;:&quot;0&quot;,&quot;shutter_speed&quot;:&quot;0&quot;,&quot;title&quot;:&quot;&quot;,&quot;orientation&quot;:&quot;0&quot;}\" data-image-title=\"Gandia_Casa_Rural_Entero_z2bb\" data-image-description=\"\" data-image-caption=\"\" data-large-file=\"https:\/\/i0.wp.com\/www.gandiacasarural.com\/de\/wp-content\/uploads\/2020\/07\/Gandia_Casa_Rural_Entero_z2bb.jpg?fit=900%2C638&amp;ssl=1\" role=\"button\" tabindex=\"0\" aria-label=\"Bild\u00a02 von 3 im Vollbildmodus \u00f6ffnen\"srcset=\"https:\/\/i0.wp.com\/www.gandiacasarural.com\/de\/wp-content\/uploads\/2020\/07\/Gandia_Casa_Rural_Entero_z2bb-1024x726.jpg?strip=info&#038;w=600&#038;ssl=1 600w,https:\/\/i0.wp.com\/www.gandiacasarural.com\/de\/wp-content\/uploads\/2020\/07\/Gandia_Casa_Rural_Entero_z2bb-1024x726.jpg?strip=info&#038;w=900&#038;ssl=1 900w,https:\/\/i0.wp.com\/www.gandiacasarural.com\/de\/wp-content\/uploads\/2020\/07\/Gandia_Casa_Rural_Entero_z2bb-1024x726.jpg?strip=info&#038;w=1200&#038;ssl=1 1200w,https:\/\/i0.wp.com\/www.gandiacasarural.com\/de\/wp-content\/uploads\/2020\/07\/Gandia_Casa_Rural_Entero_z2bb-1024x726.jpg?strip=info&#038;w=1500&#038;ssl=1 1500w,https:\/\/i0.wp.com\/www.gandiacasarural.com\/de\/wp-content\/uploads\/2020\/07\/Gandia_Casa_Rural_Entero_z2bb-1024x726.jpg?strip=info&#038;w=1800&#038;ssl=1 1800w,https:\/\/i0.wp.com\/www.gandiacasarural.com\/de\/wp-content\/uploads\/2020\/07\/Gandia_Casa_Rural_Entero_z2bb-1024x726.jpg?strip=info&#038;w=2000&#038;ssl=1 2000w\" alt=\"\" data-height=\"1814\" data-id=\"310\" data-link=\"https:\/\/www.gandiacasarural.com\/de\/haus\/zimmer-2\/gandia_casa_rural_entero_z2bb\/\" data-url=\"https:\/\/www.gandiacasarural.com\/de\/wp-content\/uploads\/2020\/07\/Gandia_Casa_Rural_Entero_z2bb-1024x726.jpg\" data-width=\"2560\" src=\"https:\/\/i0.wp.com\/www.gandiacasarural.com\/de\/wp-content\/uploads\/2020\/07\/Gandia_Casa_Rural_Entero_z2bb-1024x726.jpg?ssl=1\" data-amp-layout=\"responsive\"\/><\/figure><\/div><div class=\"tiled-gallery__col\"><figure class=\"tiled-gallery__item\"><img decoding=\"async\" data-attachment-id=\"311\" data-permalink=\"https:\/\/www.gandiacasarural.com\/de\/haus\/zimmer-2\/gandia_casa_rural_entero_z2b\/\" data-orig-file=\"https:\/\/i0.wp.com\/www.gandiacasarural.com\/de\/wp-content\/uploads\/2020\/07\/Gandia_Casa_Rural_Entero_z2b.jpg?fit=1180%2C673&amp;ssl=1\" data-orig-size=\"1180,673\" data-comments-opened=\"1\" data-image-meta=\"{&quot;aperture&quot;:&quot;0&quot;,&quot;credit&quot;:&quot;&quot;,&quot;camera&quot;:&quot;Redmi Note 7&quot;,&quot;caption&quot;:&quot;&quot;,&quot;created_timestamp&quot;:&quot;1593692420&quot;,&quot;copyright&quot;:&quot;&quot;,&quot;focal_length&quot;:&quot;0&quot;,&quot;iso&quot;:&quot;0&quot;,&quot;shutter_speed&quot;:&quot;0&quot;,&quot;title&quot;:&quot;&quot;,&quot;orientation&quot;:&quot;1&quot;}\" data-image-title=\"Gandia_Casa_Rural_Entero_z2b\" data-image-description=\"\" data-image-caption=\"\" data-large-file=\"https:\/\/i0.wp.com\/www.gandiacasarural.com\/de\/wp-content\/uploads\/2020\/07\/Gandia_Casa_Rural_Entero_z2b.jpg?fit=900%2C513&amp;ssl=1\" data-attachment-id=\"311\" data-permalink=\"https:\/\/www.gandiacasarural.com\/de\/haus\/zimmer-2\/gandia_casa_rural_entero_z2b\/\" data-orig-file=\"https:\/\/i0.wp.com\/www.gandiacasarural.com\/de\/wp-content\/uploads\/2020\/07\/Gandia_Casa_Rural_Entero_z2b.jpg?fit=1180%2C673&amp;ssl=1\" data-orig-size=\"1180,673\" data-comments-opened=\"1\" data-image-meta=\"{&quot;aperture&quot;:&quot;0&quot;,&quot;credit&quot;:&quot;&quot;,&quot;camera&quot;:&quot;Redmi Note 7&quot;,&quot;caption&quot;:&quot;&quot;,&quot;created_timestamp&quot;:&quot;1593692420&quot;,&quot;copyright&quot;:&quot;&quot;,&quot;focal_length&quot;:&quot;0&quot;,&quot;iso&quot;:&quot;0&quot;,&quot;shutter_speed&quot;:&quot;0&quot;,&quot;title&quot;:&quot;&quot;,&quot;orientation&quot;:&quot;1&quot;}\" data-image-title=\"Gandia_Casa_Rural_Entero_z2b\" data-image-description=\"\" data-image-caption=\"\" data-large-file=\"https:\/\/i0.wp.com\/www.gandiacasarural.com\/de\/wp-content\/uploads\/2020\/07\/Gandia_Casa_Rural_Entero_z2b.jpg?fit=900%2C513&amp;ssl=1\" role=\"button\" tabindex=\"0\" aria-label=\"Bild\u00a03 von 3 im Vollbildmodus \u00f6ffnen\"srcset=\"https:\/\/i0.wp.com\/www.gandiacasarural.com\/de\/wp-content\/uploads\/2020\/07\/Gandia_Casa_Rural_Entero_z2b-1024x584.jpg?strip=info&#038;w=600&#038;ssl=1 600w,https:\/\/i0.wp.com\/www.gandiacasarural.com\/de\/wp-content\/uploads\/2020\/07\/Gandia_Casa_Rural_Entero_z2b-1024x584.jpg?strip=info&#038;w=900&#038;ssl=1 900w,https:\/\/i0.wp.com\/www.gandiacasarural.com\/de\/wp-content\/uploads\/2020\/07\/Gandia_Casa_Rural_Entero_z2b-1024x584.jpg?strip=info&#038;w=1180&#038;ssl=1 1180w\" alt=\"\" data-height=\"673\" data-id=\"311\" data-link=\"https:\/\/www.gandiacasarural.com\/de\/haus\/zimmer-2\/gandia_casa_rural_entero_z2b\/\" data-url=\"https:\/\/www.gandiacasarural.com\/de\/wp-content\/uploads\/2020\/07\/Gandia_Casa_Rural_Entero_z2b-1024x584.jpg\" data-width=\"1180\" src=\"https:\/\/i0.wp.com\/www.gandiacasarural.com\/de\/wp-content\/uploads\/2020\/07\/Gandia_Casa_Rural_Entero_z2b-1024x584.jpg?ssl=1\" data-amp-layout=\"responsive\"\/><\/figure><\/div><\/div><\/div><\/div><\/div>\n","protected":false},"excerpt":{"rendered":"<p>Casa Rural Gandia (Villa Florencia \u2013 Zimmer 2).Privatzimmer in G\u00e4stehaus.2 G\u00e4ste \u00b7 1 Schlafzimmer \u00b7 1 Bett \/ 2 Bett \u00b7 1 privates Badezimmer Die UnterkunftDie Villa verf\u00fcgt auch \u00fcber ausreichend Parkm\u00f6glichkeiten &#8211; wir empfehlen den G\u00e4sten, ein Auto zu mieten, um den gr\u00f6\u00dften Nutzen aus den umliegenden St\u00e4dten und Landschaften zu ziehen.Die \u00f6ffentlichen R\u00e4ume verf\u00fcgen \u00fcber eine Bar, eine Lounge und eine Terrasse, die allen unseren G\u00e4sten zur Verf\u00fcgung stehen. Zugang f\u00fcr G\u00e4steGemeinschaftsk\u00fcche, Wohnzimmer, Essterrasse, Garten und Pool. Weitere wichtige HinweiseWir und unsere Haustiere (Hunde &amp; Katzen) wohnen unten auf dem Grundst\u00fcck<\/p>\n<p class=\"continue-reading-button\"> <a class=\"continue-reading-link\" href=\"https:\/\/www.gandiacasarural.com\/de\/haus\/zimmer-2\/\">Continuar leyendo<i class=\"crycon-right-dir\"><\/i><\/a><\/p>\n","protected":false},"author":2,"featured_media":312,"parent":69,"menu_order":1,"comment_status":"closed","ping_status":"closed","template":"","meta":{"footnotes":""},"class_list":["post-51","page","type-page","status-publish","has-post-thumbnail","hentry"],"jetpack_sharing_enabled":true,"_links":{"self":[{"href":"https:\/\/www.gandiacasarural.com\/de\/wp-json\/wp\/v2\/pages\/51","targetHints":{"allow":["GET"]}}],"collection":[{"href":"https:\/\/www.gandiacasarural.com\/de\/wp-json\/wp\/v2\/pages"}],"about":[{"href":"https:\/\/www.gandiacasarural.com\/de\/wp-json\/wp\/v2\/types\/page"}],"author":[{"embeddable":true,"href":"https:\/\/www.gandiacasarural.com\/de\/wp-json\/wp\/v2\/users\/2"}],"replies":[{"embeddable":true,"href":"https:\/\/www.gandiacasarural.com\/de\/wp-json\/wp\/v2\/comments?post=51"}],"version-history":[{"count":5,"href":"https:\/\/www.gandiacasarural.com\/de\/wp-json\/wp\/v2\/pages\/51\/revisions"}],"predecessor-version":[{"id":556,"href":"https:\/\/www.gandiacasarural.com\/de\/wp-json\/wp\/v2\/pages\/51\/revisions\/556"}],"up":[{"embeddable":true,"href":"https:\/\/www.gandiacasarural.com\/de\/wp-json\/wp\/v2\/pages\/69"}],"wp:featuredmedia":[{"embeddable":true,"href":"https:\/\/www.gandiacasarural.com\/de\/wp-json\/wp\/v2\/media\/312"}],"wp:attachment":[{"href":"https:\/\/www.gandiacasarural.com\/de\/wp-json\/wp\/v2\/media?parent=51"}],"curies":[{"name":"wp","href":"https:\/\/api.w.org\/{rel}","templated":true}]}}