{"id":190,"date":"2012-08-21T16:00:38","date_gmt":"2012-08-21T16:00:38","guid":{"rendered":"http:\/\/fr.gandiacasarural.eu\/?page_id=190"},"modified":"2020-07-13T16:24:27","modified_gmt":"2020-07-13T14:24:27","slug":"temps","status":"publish","type":"page","link":"https:\/\/www.gandiacasarural.com\/fr\/temps\/","title":{"rendered":"Temps"},"content":{"rendered":"<div id=\"c_26456f4d42c3ba1a637093c94b91256b\">\n<h2><a id=\"h_26456f4d42c3ba1a637093c94b91256b\" href=\"https:\/\/www.eltiempo.es\/\">prevision tiempo<\/a><\/h2>\n<p><a id=\"l_26456f4d42c3ba1a637093c94b91256b\" href=\"https:\/\/www.eltiempo.es\/valencia.html\">El Tiempo Valencia<\/a><\/p>\n<\/div>\n<p><script src=\"https:\/\/www.eltiempo.es\/widget\/widget_loader\/26456f4d42c3ba1a637093c94b91256b\" type=\"text\/javascript\"><\/script><\/p>\n<div id=\"c_6c6a11134b19eeafa775cd2285dc798a\">\n<h2><a id=\"h_6c6a11134b19eeafa775cd2285dc798a\" href=\"https:\/\/www.eltiempo.es\/\">predicci\u00f3n El Tiempo<\/a><\/h2>\n<p><a id=\"l_6c6a11134b19eeafa775cd2285dc798a\" href=\"https:\/\/www.eltiempo.es\/gandia.html\">El Tiempo Gand\u00eda<\/a><\/p>\n<\/div>\n<p><script src=\"https:\/\/www.eltiempo.es\/widget\/widget_loader\/6c6a11134b19eeafa775cd2285dc798a\" type=\"text\/javascript\"><\/script><\/p>\n<div id=\"c_d0dd7be80c980c803bfe51b1a6515d38\">\n<h2><a id=\"h_d0dd7be80c980c803bfe51b1a6515d38\" href=\"https:\/\/www.eltiempo.es\/\">meteorol\u00f3gico Tiempo<\/a><\/h2>\n<p><a id=\"l_d0dd7be80c980c803bfe51b1a6515d38\" href=\"https:\/\/www.eltiempo.es\/alicante.html\">El Tiempo Alicante<\/a><\/p>\n<\/div>\n<p><script src=\"https:\/\/www.eltiempo.es\/widget\/widget_loader\/d0dd7be80c980c803bfe51b1a6515d38\" type=\"text\/javascript\"><\/script><\/p>\n<div id=\"c_e7e1add1f09157d097385b6658e925dd\">\n<h2><a id=\"h_e7e1add1f09157d097385b6658e925dd\" href=\"https:\/\/www.eltiempo.es\/\">tiempo meteorologico<\/a><\/h2>\n<p><a id=\"l_e7e1add1f09157d097385b6658e925dd\" href=\"https:\/\/www.eltiempo.es\/xativa.html\">Tiempo en X\u00e0tiva<\/a><\/p>\n<\/div>\n<p><script src=\"https:\/\/www.eltiempo.es\/widget\/widget_loader\/e7e1add1f09157d097385b6658e925dd\" type=\"text\/javascript\"><\/script><\/p>\n<div id=\"c_edc86a0008b249c2c5c264606cb2006d\">\n<h2><a id=\"h_edc86a0008b249c2c5c264606cb2006d\" href=\"https:\/\/www.eltiempo.es\/\">previsi\u00f3n del Tiempo<\/a><\/h2>\n<p><a id=\"l_edc86a0008b249c2c5c264606cb2006d\" href=\"https:\/\/www.eltiempo.es\/benidorm.html\">El Tiempo en Benidorm<\/a><\/p>\n<\/div>\n<p><script src=\"https:\/\/www.eltiempo.es\/widget\/widget_loader\/edc86a0008b249c2c5c264606cb2006d\" type=\"text\/javascript\"><\/script><\/p>\n<div id=\"c_944611df3d490a209b48da6d5964590a\">\n<h2><a id=\"h_944611df3d490a209b48da6d5964590a\" href=\"https:\/\/www.eltiempo.es\/\">previsi\u00f3n del Tiempo<\/a><\/h2>\n<p><a id=\"l_944611df3d490a209b48da6d5964590a\" href=\"https:\/\/www.eltiempo.es\/denia.html\">Pron\u00f3stico El Tiempo en Denia<\/a><\/p>\n<\/div>\n<p><script src=\"https:\/\/www.eltiempo.es\/widget\/widget_loader\/944611df3d490a209b48da6d5964590a\" type=\"text\/javascript\"><\/script><\/p>\n","protected":false},"excerpt":{"rendered":"<p>prevision tiempo El Tiempo Valencia predicci\u00f3n El Tiempo El Tiempo Gand\u00eda meteorol\u00f3gico Tiempo El Tiempo Alicante tiempo meteorologico Tiempo en X\u00e0tiva previsi\u00f3n del Tiempo El Tiempo en Benidorm previsi\u00f3n del Tiempo Pron\u00f3stico El Tiempo en Denia<\/p>\n<p class=\"continue-reading-button\"> <a class=\"continue-reading-link\" href=\"https:\/\/www.gandiacasarural.com\/fr\/temps\/\">Read Article<i class=\"crycon-right-dir\"><\/i><\/a><\/p>\n","protected":false},"author":2,"featured_media":0,"parent":0,"menu_order":999,"comment_status":"closed","ping_status":"open","template":"","meta":{"footnotes":""},"class_list":["post-190","page","type-page","status-publish","hentry"],"jetpack_shortlink":"https:\/\/wp.me\/PgOlbB-34","jetpack_sharing_enabled":true,"_links":{"self":[{"href":"https:\/\/www.gandiacasarural.com\/fr\/wp-json\/wp\/v2\/pages\/190","targetHints":{"allow":["GET"]}}],"collection":[{"href":"https:\/\/www.gandiacasarural.com\/fr\/wp-json\/wp\/v2\/pages"}],"about":[{"href":"https:\/\/www.gandiacasarural.com\/fr\/wp-json\/wp\/v2\/types\/page"}],"author":[{"embeddable":true,"href":"https:\/\/www.gandiacasarural.com\/fr\/wp-json\/wp\/v2\/users\/2"}],"replies":[{"embeddable":true,"href":"https:\/\/www.gandiacasarural.com\/fr\/wp-json\/wp\/v2\/comments?post=190"}],"version-history":[{"count":4,"href":"https:\/\/www.gandiacasarural.com\/fr\/wp-json\/wp\/v2\/pages\/190\/revisions"}],"predecessor-version":[{"id":375,"href":"https:\/\/www.gandiacasarural.com\/fr\/wp-json\/wp\/v2\/pages\/190\/revisions\/375"}],"wp:attachment":[{"href":"https:\/\/www.gandiacasarural.com\/fr\/wp-json\/wp\/v2\/media?parent=190"}],"curies":[{"name":"wp","href":"https:\/\/api.w.org\/{rel}","templated":true}]}}