{"id":73,"date":"2012-08-20T09:25:01","date_gmt":"2012-08-20T09:25:01","guid":{"rendered":"http:\/\/gandiacasarural.eu\/?page_id=73"},"modified":"2025-09-16T09:57:43","modified_gmt":"2025-09-16T07:57:43","slug":"chambre-2","status":"publish","type":"page","link":"https:\/\/www.gandiacasarural.com\/fr\/maison-complete\/chambre-2\/","title":{"rendered":"Chambre 2"},"content":{"rendered":"\n<div class=\"wp-block-jetpack-tiled-gallery aligncenter is-style-rectangular\"><div class=\"has-rounded-corners-20\"><div class=\"tiled-gallery__gallery\"><div class=\"tiled-gallery__row\"><div class=\"tiled-gallery__col\" style=\"flex-basis:100.00000%\"><figure class=\"tiled-gallery__item\"><img decoding=\"async\" data-attachment-id=\"436\" data-permalink=\"https:\/\/www.gandiacasarural.com\/fr\/maison-complete\/chambre-2\/gandia_casa_rural_chambre_z2a\/\" data-orig-file=\"https:\/\/i0.wp.com\/www.gandiacasarural.com\/fr\/wp-content\/uploads\/2020\/07\/Gandia_Casa_Rural_Chambre_z2a.jpg?fit=2560%2C1920&amp;ssl=1\" data-orig-size=\"2560,1920\" data-comments-opened=\"1\" data-image-meta=\"{&quot;aperture&quot;:&quot;0&quot;,&quot;credit&quot;:&quot;&quot;,&quot;camera&quot;:&quot;&quot;,&quot;caption&quot;:&quot;&quot;,&quot;created_timestamp&quot;:&quot;0&quot;,&quot;copyright&quot;:&quot;&quot;,&quot;focal_length&quot;:&quot;0&quot;,&quot;iso&quot;:&quot;0&quot;,&quot;shutter_speed&quot;:&quot;0&quot;,&quot;title&quot;:&quot;&quot;,&quot;orientation&quot;:&quot;0&quot;}\" data-image-title=\"Gandia_Casa_Rural_Chambre_z2a\" data-image-description=\"\" data-image-caption=\"\" data-large-file=\"https:\/\/i0.wp.com\/www.gandiacasarural.com\/fr\/wp-content\/uploads\/2020\/07\/Gandia_Casa_Rural_Chambre_z2a.jpg?fit=960%2C720&amp;ssl=1\" data-attachment-id=\"436\" data-permalink=\"https:\/\/www.gandiacasarural.com\/fr\/maison-complete\/chambre-2\/gandia_casa_rural_chambre_z2a\/\" data-orig-file=\"https:\/\/i0.wp.com\/www.gandiacasarural.com\/fr\/wp-content\/uploads\/2020\/07\/Gandia_Casa_Rural_Chambre_z2a.jpg?fit=2560%2C1920&amp;ssl=1\" data-orig-size=\"2560,1920\" data-comments-opened=\"1\" data-image-meta=\"{&quot;aperture&quot;:&quot;0&quot;,&quot;credit&quot;:&quot;&quot;,&quot;camera&quot;:&quot;&quot;,&quot;caption&quot;:&quot;&quot;,&quot;created_timestamp&quot;:&quot;0&quot;,&quot;copyright&quot;:&quot;&quot;,&quot;focal_length&quot;:&quot;0&quot;,&quot;iso&quot;:&quot;0&quot;,&quot;shutter_speed&quot;:&quot;0&quot;,&quot;title&quot;:&quot;&quot;,&quot;orientation&quot;:&quot;0&quot;}\" data-image-title=\"Gandia_Casa_Rural_Chambre_z2a\" data-image-description=\"\" data-image-caption=\"\" data-large-file=\"https:\/\/i0.wp.com\/www.gandiacasarural.com\/fr\/wp-content\/uploads\/2020\/07\/Gandia_Casa_Rural_Chambre_z2a.jpg?fit=960%2C720&amp;ssl=1\" role=\"button\" tabindex=\"0\" aria-label=\"Ouvrir l\u2019image 1 sur 1 en plein \u00e9cran\"srcset=\"https:\/\/i0.wp.com\/www.gandiacasarural.com\/fr\/wp-content\/uploads\/2020\/07\/Gandia_Casa_Rural_Chambre_z2a-1024x768.jpg?strip=info&#038;w=600&#038;ssl=1 600w,https:\/\/i0.wp.com\/www.gandiacasarural.com\/fr\/wp-content\/uploads\/2020\/07\/Gandia_Casa_Rural_Chambre_z2a-1024x768.jpg?strip=info&#038;w=900&#038;ssl=1 900w,https:\/\/i0.wp.com\/www.gandiacasarural.com\/fr\/wp-content\/uploads\/2020\/07\/Gandia_Casa_Rural_Chambre_z2a-1024x768.jpg?strip=info&#038;w=1200&#038;ssl=1 1200w,https:\/\/i0.wp.com\/www.gandiacasarural.com\/fr\/wp-content\/uploads\/2020\/07\/Gandia_Casa_Rural_Chambre_z2a-1024x768.jpg?strip=info&#038;w=1500&#038;ssl=1 1500w,https:\/\/i0.wp.com\/www.gandiacasarural.com\/fr\/wp-content\/uploads\/2020\/07\/Gandia_Casa_Rural_Chambre_z2a-1024x768.jpg?strip=info&#038;w=1800&#038;ssl=1 1800w,https:\/\/i0.wp.com\/www.gandiacasarural.com\/fr\/wp-content\/uploads\/2020\/07\/Gandia_Casa_Rural_Chambre_z2a-1024x768.jpg?strip=info&#038;w=2000&#038;ssl=1 2000w\" alt=\"\" data-height=\"1920\" data-id=\"436\" data-link=\"https:\/\/www.gandiacasarural.com\/fr\/maison-complete\/chambre-2\/gandia_casa_rural_chambre_z2a\/\" data-url=\"https:\/\/www.gandiacasarural.com\/fr\/wp-content\/uploads\/2020\/07\/Gandia_Casa_Rural_Chambre_z2a-1024x768.jpg\" data-width=\"2560\" src=\"https:\/\/i0.wp.com\/www.gandiacasarural.com\/fr\/wp-content\/uploads\/2020\/07\/Gandia_Casa_Rural_Chambre_z2a-1024x768.jpg?ssl=1\" data-amp-layout=\"responsive\"\/><\/figure><\/div><\/div><\/div><\/div><\/div>\n\n\n\n<p><strong>Chambre priv\u00e9e<\/strong> dans&nbsp;: guest house. <br>2 voyageurs \u00b7 1 chambre \u00b7 1 lit \u00b7 1 salle de bain priv\u00e9e.<br><br>Vos h\u00f4tes, Nigel et Mark, dirigent la Villa Florencia avec tous ses \u00e9quipements et conforts comme un petit h\u00f4tel de campagne et combinent cela avec un sentiment accueillant d&rsquo;informalit\u00e9 et de d\u00e9tente.<br>Notre logement se compose de 5 chambres spacieuses, toutes climatis\u00e9es et chauff\u00e9es et confortablement meubl\u00e9es.<br><br><strong>Le logement<\/strong><br>La villa dispose \u00e9galement d&rsquo;un grand parking &#8211; nous sugg\u00e9rons aux clients de louer une voiture afin de tirer le meilleur parti des villes et de la campagne environnantes.<br>Les salles publiques comprennent un bar, un salon et une terrasse \u00e0 l&rsquo;usage de tous nos clients.<br><br><strong>Acc\u00e8s des voyageurs<\/strong><br>Cuisine, salon, terrasse, jardins et piscine communs.<br><br><strong>Autres remarques<\/strong><br>Nous et nos animaux de compagnie (chiens et chats) vivons en bas sur la propri\u00e9t\u00e9<\/p>\n\n\n\n<figure class=\"wp-block-gallery has-nested-images columns-default is-cropped wp-block-gallery-1 is-layout-flex wp-block-gallery-is-layout-flex\">\n<figure class=\"wp-block-image size-large\"><img data-recalc-dims=\"1\" loading=\"lazy\" decoding=\"async\" width=\"960\" height=\"720\" data-attachment-id=\"436\" data-permalink=\"https:\/\/www.gandiacasarural.com\/fr\/maison-complete\/chambre-2\/gandia_casa_rural_chambre_z2a\/\" data-orig-file=\"https:\/\/i0.wp.com\/www.gandiacasarural.com\/fr\/wp-content\/uploads\/2020\/07\/Gandia_Casa_Rural_Chambre_z2a.jpg?fit=2560%2C1920&amp;ssl=1\" data-orig-size=\"2560,1920\" data-comments-opened=\"1\" data-image-meta=\"{&quot;aperture&quot;:&quot;0&quot;,&quot;credit&quot;:&quot;&quot;,&quot;camera&quot;:&quot;&quot;,&quot;caption&quot;:&quot;&quot;,&quot;created_timestamp&quot;:&quot;0&quot;,&quot;copyright&quot;:&quot;&quot;,&quot;focal_length&quot;:&quot;0&quot;,&quot;iso&quot;:&quot;0&quot;,&quot;shutter_speed&quot;:&quot;0&quot;,&quot;title&quot;:&quot;&quot;,&quot;orientation&quot;:&quot;0&quot;}\" data-image-title=\"Gandia_Casa_Rural_Chambre_z2a\" data-image-description=\"\" data-image-caption=\"\" data-large-file=\"https:\/\/i0.wp.com\/www.gandiacasarural.com\/fr\/wp-content\/uploads\/2020\/07\/Gandia_Casa_Rural_Chambre_z2a.jpg?fit=960%2C720&amp;ssl=1\" data-id=\"436\" src=\"https:\/\/i0.wp.com\/www.gandiacasarural.com\/fr\/wp-content\/uploads\/2020\/07\/Gandia_Casa_Rural_Chambre_z2a.jpg?resize=960%2C720&#038;ssl=1\" alt=\"\" class=\"wp-image-436\" srcset=\"https:\/\/i0.wp.com\/www.gandiacasarural.com\/fr\/wp-content\/uploads\/2020\/07\/Gandia_Casa_Rural_Chambre_z2a.jpg?resize=1024%2C768&amp;ssl=1 1024w, https:\/\/i0.wp.com\/www.gandiacasarural.com\/fr\/wp-content\/uploads\/2020\/07\/Gandia_Casa_Rural_Chambre_z2a.jpg?resize=300%2C225&amp;ssl=1 300w, https:\/\/i0.wp.com\/www.gandiacasarural.com\/fr\/wp-content\/uploads\/2020\/07\/Gandia_Casa_Rural_Chambre_z2a.jpg?resize=768%2C576&amp;ssl=1 768w, https:\/\/i0.wp.com\/www.gandiacasarural.com\/fr\/wp-content\/uploads\/2020\/07\/Gandia_Casa_Rural_Chambre_z2a.jpg?resize=1600%2C1200&amp;ssl=1 1600w, https:\/\/i0.wp.com\/www.gandiacasarural.com\/fr\/wp-content\/uploads\/2020\/07\/Gandia_Casa_Rural_Chambre_z2a.jpg?resize=1536%2C1152&amp;ssl=1 1536w, https:\/\/i0.wp.com\/www.gandiacasarural.com\/fr\/wp-content\/uploads\/2020\/07\/Gandia_Casa_Rural_Chambre_z2a.jpg?resize=2048%2C1536&amp;ssl=1 2048w, https:\/\/i0.wp.com\/www.gandiacasarural.com\/fr\/wp-content\/uploads\/2020\/07\/Gandia_Casa_Rural_Chambre_z2a.jpg?resize=150%2C113&amp;ssl=1 150w, https:\/\/i0.wp.com\/www.gandiacasarural.com\/fr\/wp-content\/uploads\/2020\/07\/Gandia_Casa_Rural_Chambre_z2a.jpg?w=1920&amp;ssl=1 1920w\" sizes=\"auto, (max-width: 960px) 100vw, 960px\" \/><\/figure>\n\n\n\n<figure class=\"wp-block-image size-large\"><img data-recalc-dims=\"1\" loading=\"lazy\" decoding=\"async\" width=\"960\" height=\"681\" data-attachment-id=\"438\" data-permalink=\"https:\/\/www.gandiacasarural.com\/fr\/maison-complete\/chambre-2\/gandia_casa_rural_chambre_z2bb\/\" data-orig-file=\"https:\/\/i0.wp.com\/www.gandiacasarural.com\/fr\/wp-content\/uploads\/2020\/07\/Gandia_Casa_Rural_Chambre_z2bb.jpg?fit=2560%2C1814&amp;ssl=1\" data-orig-size=\"2560,1814\" data-comments-opened=\"1\" data-image-meta=\"{&quot;aperture&quot;:&quot;0&quot;,&quot;credit&quot;:&quot;&quot;,&quot;camera&quot;:&quot;&quot;,&quot;caption&quot;:&quot;&quot;,&quot;created_timestamp&quot;:&quot;0&quot;,&quot;copyright&quot;:&quot;&quot;,&quot;focal_length&quot;:&quot;0&quot;,&quot;iso&quot;:&quot;0&quot;,&quot;shutter_speed&quot;:&quot;0&quot;,&quot;title&quot;:&quot;&quot;,&quot;orientation&quot;:&quot;0&quot;}\" data-image-title=\"Gandia_Casa_Rural_Chambre_z2bb\" data-image-description=\"\" data-image-caption=\"\" data-large-file=\"https:\/\/i0.wp.com\/www.gandiacasarural.com\/fr\/wp-content\/uploads\/2020\/07\/Gandia_Casa_Rural_Chambre_z2bb.jpg?fit=960%2C681&amp;ssl=1\" data-id=\"438\" src=\"https:\/\/i0.wp.com\/www.gandiacasarural.com\/fr\/wp-content\/uploads\/2020\/07\/Gandia_Casa_Rural_Chambre_z2bb.jpg?resize=960%2C681&#038;ssl=1\" alt=\"\" class=\"wp-image-438\" srcset=\"https:\/\/i0.wp.com\/www.gandiacasarural.com\/fr\/wp-content\/uploads\/2020\/07\/Gandia_Casa_Rural_Chambre_z2bb.jpg?resize=1024%2C726&amp;ssl=1 1024w, https:\/\/i0.wp.com\/www.gandiacasarural.com\/fr\/wp-content\/uploads\/2020\/07\/Gandia_Casa_Rural_Chambre_z2bb.jpg?resize=300%2C213&amp;ssl=1 300w, https:\/\/i0.wp.com\/www.gandiacasarural.com\/fr\/wp-content\/uploads\/2020\/07\/Gandia_Casa_Rural_Chambre_z2bb.jpg?resize=768%2C544&amp;ssl=1 768w, https:\/\/i0.wp.com\/www.gandiacasarural.com\/fr\/wp-content\/uploads\/2020\/07\/Gandia_Casa_Rural_Chambre_z2bb.jpg?resize=1600%2C1134&amp;ssl=1 1600w, https:\/\/i0.wp.com\/www.gandiacasarural.com\/fr\/wp-content\/uploads\/2020\/07\/Gandia_Casa_Rural_Chambre_z2bb.jpg?resize=1536%2C1088&amp;ssl=1 1536w, https:\/\/i0.wp.com\/www.gandiacasarural.com\/fr\/wp-content\/uploads\/2020\/07\/Gandia_Casa_Rural_Chambre_z2bb.jpg?resize=2048%2C1451&amp;ssl=1 2048w, https:\/\/i0.wp.com\/www.gandiacasarural.com\/fr\/wp-content\/uploads\/2020\/07\/Gandia_Casa_Rural_Chambre_z2bb.jpg?resize=150%2C106&amp;ssl=1 150w, https:\/\/i0.wp.com\/www.gandiacasarural.com\/fr\/wp-content\/uploads\/2020\/07\/Gandia_Casa_Rural_Chambre_z2bb.jpg?w=1920&amp;ssl=1 1920w\" sizes=\"auto, (max-width: 960px) 100vw, 960px\" \/><\/figure>\n\n\n\n<figure class=\"wp-block-image size-large\"><img data-recalc-dims=\"1\" loading=\"lazy\" decoding=\"async\" width=\"960\" height=\"548\" data-attachment-id=\"437\" data-permalink=\"https:\/\/www.gandiacasarural.com\/fr\/maison-complete\/chambre-2\/gandia_casa_rural_chambre_z2b\/\" data-orig-file=\"https:\/\/i0.wp.com\/www.gandiacasarural.com\/fr\/wp-content\/uploads\/2020\/07\/Gandia_Casa_Rural_Chambre_z2b.jpg?fit=1180%2C673&amp;ssl=1\" data-orig-size=\"1180,673\" data-comments-opened=\"1\" data-image-meta=\"{&quot;aperture&quot;:&quot;0&quot;,&quot;credit&quot;:&quot;&quot;,&quot;camera&quot;:&quot;Redmi Note 7&quot;,&quot;caption&quot;:&quot;&quot;,&quot;created_timestamp&quot;:&quot;1593692420&quot;,&quot;copyright&quot;:&quot;&quot;,&quot;focal_length&quot;:&quot;0&quot;,&quot;iso&quot;:&quot;0&quot;,&quot;shutter_speed&quot;:&quot;0&quot;,&quot;title&quot;:&quot;&quot;,&quot;orientation&quot;:&quot;1&quot;}\" data-image-title=\"Gandia_Casa_Rural_Chambre_z2b\" data-image-description=\"\" data-image-caption=\"\" data-large-file=\"https:\/\/i0.wp.com\/www.gandiacasarural.com\/fr\/wp-content\/uploads\/2020\/07\/Gandia_Casa_Rural_Chambre_z2b.jpg?fit=960%2C548&amp;ssl=1\" data-id=\"437\" src=\"https:\/\/i0.wp.com\/www.gandiacasarural.com\/fr\/wp-content\/uploads\/2020\/07\/Gandia_Casa_Rural_Chambre_z2b.jpg?resize=960%2C548&#038;ssl=1\" alt=\"\" class=\"wp-image-437\" srcset=\"https:\/\/i0.wp.com\/www.gandiacasarural.com\/fr\/wp-content\/uploads\/2020\/07\/Gandia_Casa_Rural_Chambre_z2b.jpg?resize=1024%2C584&amp;ssl=1 1024w, https:\/\/i0.wp.com\/www.gandiacasarural.com\/fr\/wp-content\/uploads\/2020\/07\/Gandia_Casa_Rural_Chambre_z2b.jpg?resize=300%2C171&amp;ssl=1 300w, https:\/\/i0.wp.com\/www.gandiacasarural.com\/fr\/wp-content\/uploads\/2020\/07\/Gandia_Casa_Rural_Chambre_z2b.jpg?resize=768%2C438&amp;ssl=1 768w, https:\/\/i0.wp.com\/www.gandiacasarural.com\/fr\/wp-content\/uploads\/2020\/07\/Gandia_Casa_Rural_Chambre_z2b.jpg?resize=150%2C86&amp;ssl=1 150w, https:\/\/i0.wp.com\/www.gandiacasarural.com\/fr\/wp-content\/uploads\/2020\/07\/Gandia_Casa_Rural_Chambre_z2b.jpg?w=1180&amp;ssl=1 1180w\" sizes=\"auto, (max-width: 960px) 100vw, 960px\" \/><\/figure>\n<\/figure>\n","protected":false},"excerpt":{"rendered":"<p>Chambre priv\u00e9e dans&nbsp;: guest house. 2 voyageurs \u00b7 1 chambre \u00b7 1 lit \u00b7 1 salle de bain priv\u00e9e. Vos h\u00f4tes, Nigel et Mark, dirigent la Villa Florencia avec tous ses \u00e9quipements et conforts comme un petit h\u00f4tel de campagne et combinent cela avec un sentiment accueillant d&rsquo;informalit\u00e9 et de d\u00e9tente.Notre logement se compose de 5 chambres spacieuses, toutes climatis\u00e9es et chauff\u00e9es et confortablement meubl\u00e9es. Le logementLa villa dispose \u00e9galement d&rsquo;un grand parking &#8211; nous sugg\u00e9rons aux clients de louer une voiture afin de tirer le meilleur parti des villes et de la campagne environnantes.Les salles publiques comprennent un bar, un salon et une terrasse \u00e0 l&rsquo;usage de tous nos clients. Acc\u00e8s des voyageursCuisine, salon, terrasse, jardins et piscine communs. Autres remarquesNous et nos animaux de compagnie (chiens et chats) vivons en bas sur la propri\u00e9t\u00e9<\/p>\n<p class=\"continue-reading-button\"> <a class=\"continue-reading-link\" href=\"https:\/\/www.gandiacasarural.com\/fr\/maison-complete\/chambre-2\/\">Read Article<i class=\"crycon-right-dir\"><\/i><\/a><\/p>\n","protected":false},"author":2,"featured_media":439,"parent":69,"menu_order":1,"comment_status":"closed","ping_status":"closed","template":"","meta":{"footnotes":""},"class_list":["post-73","page","type-page","status-publish","has-post-thumbnail","hentry"],"jetpack_shortlink":"https:\/\/wp.me\/PgOlbB-1b","jetpack_sharing_enabled":true,"_links":{"self":[{"href":"https:\/\/www.gandiacasarural.com\/fr\/wp-json\/wp\/v2\/pages\/73","targetHints":{"allow":["GET"]}}],"collection":[{"href":"https:\/\/www.gandiacasarural.com\/fr\/wp-json\/wp\/v2\/pages"}],"about":[{"href":"https:\/\/www.gandiacasarural.com\/fr\/wp-json\/wp\/v2\/types\/page"}],"author":[{"embeddable":true,"href":"https:\/\/www.gandiacasarural.com\/fr\/wp-json\/wp\/v2\/users\/2"}],"replies":[{"embeddable":true,"href":"https:\/\/www.gandiacasarural.com\/fr\/wp-json\/wp\/v2\/comments?post=73"}],"version-history":[{"count":4,"href":"https:\/\/www.gandiacasarural.com\/fr\/wp-json\/wp\/v2\/pages\/73\/revisions"}],"predecessor-version":[{"id":683,"href":"https:\/\/www.gandiacasarural.com\/fr\/wp-json\/wp\/v2\/pages\/73\/revisions\/683"}],"up":[{"embeddable":true,"href":"https:\/\/www.gandiacasarural.com\/fr\/wp-json\/wp\/v2\/pages\/69"}],"wp:featuredmedia":[{"embeddable":true,"href":"https:\/\/www.gandiacasarural.com\/fr\/wp-json\/wp\/v2\/media\/439"}],"wp:attachment":[{"href":"https:\/\/www.gandiacasarural.com\/fr\/wp-json\/wp\/v2\/media?parent=73"}],"curies":[{"name":"wp","href":"https:\/\/api.w.org\/{rel}","templated":true}]}}